{"id":6688,"date":"2020-05-07T17:43:48","date_gmt":"2020-05-07T15:43:48","guid":{"rendered":"https:\/\/www.worteimdunkel.at\/?page_id=6688"},"modified":"2020-10-25T16:47:35","modified_gmt":"2020-10-25T15:47:35","slug":"unterstuetzen","status":"publish","type":"page","link":"https:\/\/www.worteimdunkel.at\/?page_id=6688","title":{"rendered":"Projektunterst\u00fctzung"},"content":{"rendered":"\n<p>Du hast zwei M\u00f6glichkeiten mich zu unterst\u00fctzen:<\/p>\n\n\n\n<p>\u00dcber \u201eBuy me a coffee\u201c f\u00fcr das kleine Danke zwischendurch:<\/p>\n\n\n\n<script type=\"text\/javascript\" src=\"https:\/\/cdnjs.buymeacoffee.com\/1.0.0\/button.prod.min.js\" data-name=\"bmc-button\" data-slug=\"worteimdunkel\" data-color=\"#5F7FFF\" data-emoji=\"\ud83d\udd0e\"  data-font=\"Cookie\" data-text=\"Danke f\u00fcr die tollen Artikel\" data-outline-color=\"#000000\" data-font-color=\"#ffffff\" data-coffee-color=\"#FFDD00\" ><\/script>\n\n\n\n<p><br>oder \u00fcber Paypal f\u00fcr die gro\u00dfen Summen:<\/p>\n\n\n\n<form action=\"https:\/\/www.paypal.com\/cgi-bin\/webscr\" method=\"post\" target=\"_top\">\n<input type=\"hidden\" name=\"cmd\" value=\"_donations\">\n<input type=\"hidden\" name=\"business\" value=\"Y3SBX9RDLVJHA\">\n<input type=\"hidden\" name=\"currency_code\" value=\"EUR\">\n<input type=\"image\" src=\"https:\/\/www.paypalobjects.com\/en_US\/AT\/i\/btn\/btn_donateCC_LG.gif\" name=\"submit\" title=\"PayPal - The safer, easier way to pay online!\" alt=\"Donate with PayPal button\" border=\"0\">\n<img loading=\"lazy\" decoding=\"async\" alt=\"\" src=\"https:\/\/www.paypal.com\/en_AT\/i\/scr\/pixel.gif\" width=\"1\" height=\"1\" border=\"0\">\n<\/form>\n\n\n\n<p><br>Vielen Dank f\u00fcr die Unterst\u00fctzung! Als begeisterter Forscher, Spurensucher und Historiker freue ich mich \u00fcber jede finanzielle Hilfe.<\/p>\n","protected":false},"excerpt":{"rendered":"<p>Du hast zwei M\u00f6glichkeiten mich zu unterst\u00fctzen: \u00dcber \u201eBuy me a coffee\u201c f\u00fcr das kleine Danke zwischendurch: oder \u00fcber Paypal f\u00fcr die gro\u00dfen Summen: Vielen Dank f\u00fcr die Unterst\u00fctzung! Als begeisterter Forscher, Spurensucher und Historiker freue ich mich \u00fcber jede finanzielle Hilfe.<\/p>\n","protected":false},"author":1,"featured_media":0,"parent":0,"menu_order":0,"comment_status":"closed","ping_status":"closed","template":"","meta":{"footnotes":""},"class_list":["post-6688","page","type-page","status-publish","hentry"],"_links":{"self":[{"href":"https:\/\/www.worteimdunkel.at\/index.php?rest_route=\/wp\/v2\/pages\/6688","targetHints":{"allow":["GET"]}}],"collection":[{"href":"https:\/\/www.worteimdunkel.at\/index.php?rest_route=\/wp\/v2\/pages"}],"about":[{"href":"https:\/\/www.worteimdunkel.at\/index.php?rest_route=\/wp\/v2\/types\/page"}],"author":[{"embeddable":true,"href":"https:\/\/www.worteimdunkel.at\/index.php?rest_route=\/wp\/v2\/users\/1"}],"replies":[{"embeddable":true,"href":"https:\/\/www.worteimdunkel.at\/index.php?rest_route=%2Fwp%2Fv2%2Fcomments&post=6688"}],"version-history":[{"count":34,"href":"https:\/\/www.worteimdunkel.at\/index.php?rest_route=\/wp\/v2\/pages\/6688\/revisions"}],"predecessor-version":[{"id":11602,"href":"https:\/\/www.worteimdunkel.at\/index.php?rest_route=\/wp\/v2\/pages\/6688\/revisions\/11602"}],"wp:attachment":[{"href":"https:\/\/www.worteimdunkel.at\/index.php?rest_route=%2Fwp%2Fv2%2Fmedia&parent=6688"}],"curies":[{"name":"wp","href":"https:\/\/api.w.org\/{rel}","templated":true}]}}