{"id":302,"date":"2019-09-09T14:57:06","date_gmt":"2019-09-09T12:57:06","guid":{"rendered":"http:\/\/www.worteimdunkel.at\/?page_id=302"},"modified":"2021-02-24T01:33:48","modified_gmt":"2021-02-24T00:33:48","slug":"worte-im-dunkel-1932-1955","status":"publish","type":"page","link":"https:\/\/www.worteimdunkel.at\/","title":{"rendered":"Zum Geleit"},"content":{"rendered":"\n<h3 class=\"wp-block-heading\"><br>Worte im Dunkel \u2013 was bedeutet das?<\/h3>\n\n\n\n<p><br>Worte im Dunkel ist ein <a href=\"https:\/\/www.worteimdunkel.at\/?page_id=245\" data-type=\"page\" data-id=\"245\">Blog f\u00fcr Zeitgeschichte<\/a>.<\/p>\n\n\n\n<p>In diesem Forschungs- und Dokumentationsprojekt zeige ich Beschriftungen, Schilder und Plakate, die Beh\u00f6rden, Milit\u00e4r, Industrie, Zwangsarbeiter und Zivilbev\u00f6lkerung an verschiedensten Orten in \u00d6sterreich zwischen 1932 und 1955 hinterlassen haben und noch heute zu finden sind. Der Schwerpunkt liegt dabei auf den Jahren von etwa 1943 bis 1945.<\/p>\n\n\n\n<div class=\"wp-block-media-text alignwide is-stacked-on-mobile is-vertically-aligned-top is-image-fill\" style=\"grid-template-columns:42% auto\"><figure class=\"wp-block-media-text__media\" style=\"background-image:url(https:\/\/www.worteimdunkel.at\/wp-content\/uploads\/2019\/11\/7-1_Stalinrede_1945-55.jpg);background-position:42% 53%\"><img loading=\"lazy\" decoding=\"async\" width=\"1200\" height=\"797\" src=\"https:\/\/www.worteimdunkel.at\/wp-content\/uploads\/2019\/11\/7-1_Stalinrede_1945-55.jpg\" alt=\"\" class=\"wp-image-3437 size-full\" srcset=\"https:\/\/www.worteimdunkel.at\/wp-content\/uploads\/2019\/11\/7-1_Stalinrede_1945-55.jpg 1200w, https:\/\/www.worteimdunkel.at\/wp-content\/uploads\/2019\/11\/7-1_Stalinrede_1945-55-300x199.jpg 300w, https:\/\/www.worteimdunkel.at\/wp-content\/uploads\/2019\/11\/7-1_Stalinrede_1945-55-768x510.jpg 768w\" sizes=\"auto, (max-width: 1200px) 100vw, 1200px\" \/><\/figure><div class=\"wp-block-media-text__content\">\n<p>Die gezeigten Worte, Nummern und Symbole, Zeichnungen und Malereien haben nicht nur gemeinsam, an dunklen Orten wie Kellern, Stollen, ehemaligen Luftschutzanlagen, alten Hausfassaden oder Ruinen des Zweiten Weltkriegs zu finden zu sein. Im \u00fcbertragenen Sinn sprechen sie aus dem Dunkel der Geschichte und f\u00fchren uns vor Augen, welch bewegte Zeiten unsere Vorfahren erleben mussten.<br>Seit Jahrzehnten warten die Worte im Dunkel darauf, ihre Geschichte erz\u00e4hlen zu d\u00fcrfen. In meinem Blog lasse ich sie sprechen \u2013 jeden zweiten Montag ein neues Bild.<\/p>\n<\/div><\/div>\n\n\n\n<h3 class=\"wp-block-heading\"><br>Wie entstehen meine Artikel?<\/h3>\n\n\n\n<div class=\"wp-block-media-text alignwide has-media-on-the-right is-stacked-on-mobile\"><figure class=\"wp-block-media-text__media\"><img loading=\"lazy\" decoding=\"async\" width=\"682\" height=\"689\" src=\"https:\/\/www.worteimdunkel.at\/wp-content\/uploads\/2020\/02\/20_Fliegereinflug_5_1944.jpg\" alt=\"\" class=\"wp-image-4455 size-full\" srcset=\"https:\/\/www.worteimdunkel.at\/wp-content\/uploads\/2020\/02\/20_Fliegereinflug_5_1944.jpg 682w, https:\/\/www.worteimdunkel.at\/wp-content\/uploads\/2020\/02\/20_Fliegereinflug_5_1944-297x300.jpg 297w\" sizes=\"auto, (max-width: 682px) 100vw, 682px\" \/><\/figure><div class=\"wp-block-media-text__content\">\n<p><br>1. Entdeckung einer schriftlichen Hinterlassenschaft<br>2. Fotografische Dokumentation<br>3. Gegebenenfalls Entzifferung der Schriftzeichen<br>4. Recherche<br>5. Verfassen des Artikels zur Beschriftung<\/p>\n\n\n\n<p>Jeden zweiten Montag ver\u00f6ffentliche ich einen neuen Artikel.<\/p>\n<\/div><\/div>\n\n\n\n<h3 class=\"wp-block-heading\"><br>Warum 1932? Und warum 1955?<\/h3>\n\n\n\n<p><br>Der Beginn des Zeitraums, den ich im <a href=\"http:\/\/www.worteimdunkel.at\/?page_id=245\">Blog<\/a> behandle, liegt im Jahr 1932.<br>Daf\u00fcr gibt es mehrere Gr\u00fcnde:<\/p>\n\n\n\n<div class=\"wp-block-media-text alignwide is-stacked-on-mobile is-vertically-aligned-center\" style=\"grid-template-columns:49% auto\"><figure class=\"wp-block-media-text__media\"><img loading=\"lazy\" decoding=\"async\" width=\"1200\" height=\"798\" src=\"https:\/\/www.worteimdunkel.at\/wp-content\/uploads\/2019\/10\/1_Kruckenkreuz_schwarzwei\u00df_1936.jpg\" alt=\"\" class=\"wp-image-7551 size-full\" srcset=\"https:\/\/www.worteimdunkel.at\/wp-content\/uploads\/2019\/10\/1_Kruckenkreuz_schwarzwei\u00df_1936.jpg 1200w, https:\/\/www.worteimdunkel.at\/wp-content\/uploads\/2019\/10\/1_Kruckenkreuz_schwarzwei\u00df_1936-300x200.jpg 300w, https:\/\/www.worteimdunkel.at\/wp-content\/uploads\/2019\/10\/1_Kruckenkreuz_schwarzwei\u00df_1936-768x511.jpg 768w\" sizes=\"auto, (max-width: 1200px) 100vw, 1200px\" \/><\/figure><div class=\"wp-block-media-text__content\">\n<p>Einerseits war 1932 in \u00d6sterreich das Jahr, bevor Engelbert Dollfu\u00df in \u00d6sterreich das Parlament au\u00dfer Kraft setzte und seine gegen die Sozialdemokratie gerichtete Politik als Alleinherrscher vorantrieb. Zu diesem Zweck beabsichtigte er unter dem Schutz des faschistischen Italien <a href=\"https:\/\/www.worteimdunkel.at\/?p=3699\">gem\u00e4\u00df der p\u00e4pstlichen Enzyklika &#8222;Quadragesimo anno&#8220; einen Staat auf berufsst\u00e4ndischer Grundlage zu errichten<\/a>.<\/p>\n<\/div><\/div>\n\n\n\n<p>Andererseits war 1932 in Deutschland das Jahr, bevor Adolf Hitler begann, als Reichskanzler den Nationalsozialismus in alle politischen Ebenen und privaten Lebensbereiche auszudehnen, was sich in weiterer Folge auf die \u00f6sterreichische Politik und jedermanns Leben in den darauffolgenden Jahren auswirkte.<\/p>\n\n\n\n<p>1932 war somit das letzte volle Jahr sowohl der Ersten \u00d6sterreichischen als auch der Ersten Deutschen Republik, bevor die vorangegangene politische Radikalisierung ihren Tribut forderte. Die Geschichte beider L\u00e4nder verzahnte sich auf unheilvollste Weise durch die teils von Deutschland befohlenen NS-Terroranschl\u00e4ge und letztendlich den \u201eAnschluss\u201c \u00d6sterreichs an das Deutsche Reich. Im gleichen Ma\u00dfe, in dem sich der Faschismus breit machte, wurde die Demokratie abgebaut. Erst nach Ende des Zweiten Weltkriegs wurde sie neu errichtet.<\/p>\n\n\n\n<div class=\"wp-block-media-text alignwide has-media-on-the-right is-stacked-on-mobile is-image-fill\"><figure class=\"wp-block-media-text__media\" style=\"background-image:url(https:\/\/www.worteimdunkel.at\/wp-content\/uploads\/2020\/03\/24_USFA_1945-55.jpg);background-position:64% 47%\"><img loading=\"lazy\" decoding=\"async\" width=\"1200\" height=\"797\" src=\"https:\/\/www.worteimdunkel.at\/wp-content\/uploads\/2020\/03\/24_USFA_1945-55.jpg\" alt=\"\" class=\"wp-image-4890 size-full\" srcset=\"https:\/\/www.worteimdunkel.at\/wp-content\/uploads\/2020\/03\/24_USFA_1945-55.jpg 1200w, https:\/\/www.worteimdunkel.at\/wp-content\/uploads\/2020\/03\/24_USFA_1945-55-300x199.jpg 300w, https:\/\/www.worteimdunkel.at\/wp-content\/uploads\/2020\/03\/24_USFA_1945-55-768x510.jpg 768w\" sizes=\"auto, (max-width: 1200px) 100vw, 1200px\" \/><\/figure><div class=\"wp-block-media-text__content\">\n<p class=\"has-text-align-left\">Das Jahr 1955 markiert das Ende des von mir behandelten Zeitraums, weil in diesem Jahr die letzten direkten milit\u00e4rischen Nachwirkungen des Zweiten Weltkriegs dank des Staatsvertrages offiziell zu Ende gingen. Die Besatzungssoldaten verlie\u00dfen das Land und \u00d6sterreich blickte wieder frei und selbstst\u00e4ndig seiner demokratischen Zukunft entgegen.<\/p>\n<\/div><\/div>\n\n\n\n<h3 class=\"wp-block-heading\"><br>Ortsnennungen<\/h3>\n\n\n\n<p><br>Meist ver\u00f6ffentliche ich meine Bilder, ohne den genauen Ort zu nennen.<br>Bei gewissen Motiven verzichte ich auch darauf, den ungenauen Ort zu nennen.<\/p>\n\n\n\n<p>Es ist eine schmerzliche Erfahrung der letzten Jahre, dass Pl\u00e4tze, an denen noch geschichtliche Spuren zu entdecken sind, innerhalb k\u00fcrzester Zeit im Zuge von Vandalenakten zerst\u00f6rt werden, sobald sie zu bekannt werden.<\/p>\n\n\n\n<p>Deshalb mache ich es mir auf meiner Website ganz einfach: Es gibt hier bis auf wenige Ausnahmen keine Ortsnennungen. Von entsprechenden Anfragen bitte ich abzusehen.<\/p>\n\n\n\n<h3 class=\"wp-block-heading\"><br>Hakenkreuze und andere Symbole der NS-Zeit<\/h3>\n\n\n\n<p><br>Es ist ein schweres Erbe, das uns von den Nationalsozialisten mitgegeben wurde. Sie nahmen sich die Swastika, die in Asien bis heute als Gl\u00fccksbringer gilt, und formten sie im westlichen Kulturraum zu einem Symbol f\u00fcr Hass und Menschenverachtung.<\/p>\n\n\n\n<div class=\"wp-block-media-text alignwide is-stacked-on-mobile\"><figure class=\"wp-block-media-text__media\"><img loading=\"lazy\" decoding=\"async\" width=\"1024\" height=\"680\" src=\"https:\/\/www.worteimdunkel.at\/wp-content\/uploads\/2019\/10\/4_Hakenkreuz-1938-1024x680.jpg\" alt=\"\" class=\"wp-image-2600 size-full\" srcset=\"https:\/\/www.worteimdunkel.at\/wp-content\/uploads\/2019\/10\/4_Hakenkreuz-1938-1024x680.jpg 1024w, https:\/\/www.worteimdunkel.at\/wp-content\/uploads\/2019\/10\/4_Hakenkreuz-1938-300x199.jpg 300w, https:\/\/www.worteimdunkel.at\/wp-content\/uploads\/2019\/10\/4_Hakenkreuz-1938-768x510.jpg 768w, https:\/\/www.worteimdunkel.at\/wp-content\/uploads\/2019\/10\/4_Hakenkreuz-1938.jpg 1200w\" sizes=\"auto, (max-width: 1024px) 100vw, 1024px\" \/><\/figure><div class=\"wp-block-media-text__content\">\n<p>Die heute \u2013 oder <a href=\"https:\/\/www.worteimdunkel.at\/?p=7330\" data-type=\"post\" data-id=\"7330\">bis vor kurzem<\/a> \u2013 noch vorhandenen Hakenkreuze im \u00f6ffentlichen Raum sind Relikte der NS-Zeit, deren Dokumentation mir als Grundlage daf\u00fcr dient, <a href=\"https:\/\/www.worteimdunkel.at\/?p=2599\">die hinter dem Symbol steckende Geschichte<\/a> und die Geschichte des Nationalsozialismus in \u00d6sterreich zu erz\u00e4hlen.<\/p>\n<\/div><\/div>\n\n\n\n<h3 class=\"wp-block-heading\"><br>Neue Orte \u2013 neue Worte<\/h3>\n\n\n\n<p><br><a href=\"https:\/\/www.worteimdunkel.at\/?page_id=21\" data-type=\"page\" data-id=\"21\">Ich<\/a> bin immer auf der Suche nach neuen Inschriften, Plakaten, Schildern, Zeichnungen, Symbolen und Malereien, die aus dem Zeitraum zwischen 1932 und 1955 stammen und die ich f\u00fcr mein Projekt fotografieren m\u00f6chte. Stets aufs Neue bin ich erstaunt, welche schriftlichen Hinterlassenschaften an jenen Pl\u00e4tzen anzutreffen sind, die abseits der \u00fcblichen Wege liegen.<\/p>\n\n\n\n<p>Kennen Sie solche schriftlichen \u00dcberreste der Vergangenheit, vielleicht an den Kellerw\u00e4nden oder -t\u00fcren Ihres Hauses, einem alten Geb\u00e4ude, einem betonierten Fundament im Wald, einer Mauer oder einem Bauwerk?<\/p>\n\n\n\n<p><strong>Dann melden Sie sich bitte unter thomas.keplinger(at)worteimdunkel.at. Vielen Dank!<\/strong><\/p>\n\n\n\n<hr class=\"wp-block-separator\"\/>\n\n\n\n<div class=\"wp-block-button aligncenter is-style-outline is-style-outline--1\"><a class=\"wp-block-button__link has-text-color has-background\" href=\"http:\/\/www.worteimdunkel.at\/\" style=\"background-color:#134413;color:#ffffff\">Seitenanfang<\/a><\/div>\n\n\n\n<hr class=\"wp-block-separator\"\/>\n","protected":false},"excerpt":{"rendered":"<p>Worte im Dunkel \u2013 was bedeutet das? Worte im Dunkel ist ein Blog f\u00fcr Zeitgeschichte. In diesem Forschungs- und Dokumentationsprojekt zeige ich Beschriftungen, Schilder und Plakate, die Beh\u00f6rden, Milit\u00e4r, Industrie, Zwangsarbeiter und Zivilbev\u00f6lkerung an verschiedensten Orten in \u00d6sterreich zwischen 1932 und 1955 hinterlassen haben und noch heute zu finden sind. Der Schwerpunkt liegt dabei auf [&hellip;]<\/p>\n","protected":false},"author":1,"featured_media":0,"parent":0,"menu_order":0,"comment_status":"closed","ping_status":"closed","template":"","meta":{"footnotes":""},"class_list":["post-302","page","type-page","status-publish","hentry"],"_links":{"self":[{"href":"https:\/\/www.worteimdunkel.at\/index.php?rest_route=\/wp\/v2\/pages\/302","targetHints":{"allow":["GET"]}}],"collection":[{"href":"https:\/\/www.worteimdunkel.at\/index.php?rest_route=\/wp\/v2\/pages"}],"about":[{"href":"https:\/\/www.worteimdunkel.at\/index.php?rest_route=\/wp\/v2\/types\/page"}],"author":[{"embeddable":true,"href":"https:\/\/www.worteimdunkel.at\/index.php?rest_route=\/wp\/v2\/users\/1"}],"replies":[{"embeddable":true,"href":"https:\/\/www.worteimdunkel.at\/index.php?rest_route=%2Fwp%2Fv2%2Fcomments&post=302"}],"version-history":[{"count":186,"href":"https:\/\/www.worteimdunkel.at\/index.php?rest_route=\/wp\/v2\/pages\/302\/revisions"}],"predecessor-version":[{"id":13793,"href":"https:\/\/www.worteimdunkel.at\/index.php?rest_route=\/wp\/v2\/pages\/302\/revisions\/13793"}],"wp:attachment":[{"href":"https:\/\/www.worteimdunkel.at\/index.php?rest_route=%2Fwp%2Fv2%2Fmedia&parent=302"}],"curies":[{"name":"wp","href":"https:\/\/api.w.org\/{rel}","templated":true}]}}